{"id":10,"date":"2017-07-11T04:57:39","date_gmt":"2017-07-11T04:57:39","guid":{"rendered":"http:\/\/patrickbuellet.com\/?page_id=10"},"modified":"2020-05-29T16:45:25","modified_gmt":"2020-05-29T14:45:25","slug":"home","status":"publish","type":"page","link":"https:\/\/patrickbuellet.com\/","title":{"rendered":"Accueil"},"content":{"rendered":"\t\t<div data-elementor-type=\"wp-post\" data-elementor-id=\"10\" class=\"elementor elementor-10\">\n\t\t\t\t\t\t<div class=\"elementor-inner\">\n\t\t\t\t<div class=\"elementor-section-wrap\">\n\t\t\t\t\t\t\t\t\t<section class=\"elementor-section elementor-top-section elementor-element elementor-element-k3hj93z elementor-section-boxed elementor-section-height-default elementor-section-height-default\" data-id=\"k3hj93z\" data-element_type=\"section\" data-settings=\"{&quot;background_background&quot;:&quot;classic&quot;}\">\n\t\t\t\t\t\t\t<div class=\"elementor-background-overlay\"><\/div>\n\t\t\t\t\t\t\t<div class=\"elementor-container elementor-column-gap-default\">\n\t\t\t\t\t\t\t<div class=\"elementor-row\">\n\t\t\t\t\t<div class=\"elementor-column elementor-col-100 elementor-top-column elementor-element elementor-element-zv904w0\" data-id=\"zv904w0\" data-element_type=\"column\">\n\t\t\t<div class=\"elementor-column-wrap elementor-element-populated\">\n\t\t\t\t\t\t\t<div class=\"elementor-widget-wrap\">\n\t\t\t\t\t\t<div class=\"elementor-element elementor-element-yztp93i elementor-widget elementor-widget-heading\" data-id=\"yztp93i\" data-element_type=\"widget\" data-widget_type=\"heading.default\">\n\t\t\t\t<div class=\"elementor-widget-container\">\n\t\t\t<h4 class=\"elementor-heading-title elementor-size-default\"><a href=\"#\">Since 1990<\/a><\/h4>\t\t<\/div>\n\t\t\t\t<\/div>\n\t\t\t\t<div class=\"elementor-element elementor-element-f8scnlt elementor-vertical-align-middle elementor-view-default elementor-widget elementor-widget-icon-box\" data-id=\"f8scnlt\" data-element_type=\"widget\" data-widget_type=\"icon-box.default\">\n\t\t\t\t<div class=\"elementor-widget-container\">\n\t\t\t\t\t<div class=\"elementor-icon-box-wrapper\">\n\t\t\t\t\t\t<div class=\"elementor-icon-box-content\">\n\t\t\t\t<h1 class=\"elementor-icon-box-title\">\n\t\t\t\t\t<span  >\n\t\t\t\t\t\tVotre projet est entre <br>de bonnes mains !\t\t\t\t\t<\/span>\n\t\t\t\t<\/h1>\n\t\t\t\t\t\t\t\t\t<p class=\"elementor-icon-box-description\">\n\t\t\t\t\t\tPatrick Buellet et son \u00e9quipe de 5 ouvriers vous propose des prestations de qualit\u00e9 adapt\u00e9es \u00e0 vos besoins. En r\u00e9novation comme en neuf, nous vous conseillons et vous apportons les solutions les plus appropri\u00e9es \u00e0 votre projet. Nos ma\u00eetres mots : qualit\u00e9 et s\u00e9rieux.\t\t\t\t\t<\/p>\n\t\t\t\t\t\t\t<\/div>\n\t\t<\/div>\n\t\t\t\t<\/div>\n\t\t\t\t<\/div>\n\t\t\t\t<section class=\"elementor-section elementor-inner-section elementor-element elementor-element-dwvo7l8 elementor-section-boxed elementor-section-height-default elementor-section-height-default\" data-id=\"dwvo7l8\" data-element_type=\"section\">\n\t\t\t\t\t\t<div class=\"elementor-container elementor-column-gap-default\">\n\t\t\t\t\t\t\t<div class=\"elementor-row\">\n\t\t\t\t\t<div class=\"elementor-column elementor-col-100 elementor-inner-column elementor-element elementor-element-y8d0i47\" data-id=\"y8d0i47\" data-element_type=\"column\">\n\t\t\t<div class=\"elementor-column-wrap elementor-element-populated\">\n\t\t\t\t\t\t\t<div class=\"elementor-widget-wrap\">\n\t\t\t\t\t\t<div class=\"elementor-element elementor-element-aqj5fne elementor-position-left elementor-vertical-align-top elementor-widget elementor-widget-image-box\" data-id=\"aqj5fne\" data-element_type=\"widget\" data-widget_type=\"image-box.default\">\n\t\t\t\t<div class=\"elementor-widget-container\">\n\t\t\t<div class=\"elementor-image-box-wrapper\"><figure class=\"elementor-image-box-img\"><img loading=\"lazy\" decoding=\"async\" width=\"40\" height=\"40\" src=\"https:\/\/patrickbuellet.com\/wp-content\/uploads\/2020\/05\/telephone-reciever40x40.png\" class=\"attachment-full size-full wp-image-1131\" alt=\"\" \/><\/figure><div class=\"elementor-image-box-content\"><h3 class=\"elementor-image-box-title\">04 74 25 23 00<\/h3><\/div><\/div>\t\t<\/div>\n\t\t\t\t<\/div>\n\t\t\t\t\t\t<\/div>\n\t\t\t\t\t<\/div>\n\t\t<\/div>\n\t\t\t\t\t\t\t\t<\/div>\n\t\t\t\t\t<\/div>\n\t\t<\/section>\n\t\t\t\t\t\t<\/div>\n\t\t\t\t\t<\/div>\n\t\t<\/div>\n\t\t\t\t\t\t\t\t<\/div>\n\t\t\t\t\t<\/div>\n\t\t<\/section>\n\t\t\t\t<section class=\"elementor-section elementor-top-section elementor-element elementor-element-zz54hr1 elementor-section-boxed elementor-section-height-default elementor-section-height-default\" data-id=\"zz54hr1\" data-element_type=\"section\">\n\t\t\t\t\t\t<div class=\"elementor-container elementor-column-gap-default\">\n\t\t\t\t\t\t\t<div class=\"elementor-row\">\n\t\t\t\t\t<div class=\"elementor-column elementor-col-100 elementor-top-column elementor-element elementor-element-ed9a2fc\" data-id=\"ed9a2fc\" data-element_type=\"column\">\n\t\t\t<div class=\"elementor-column-wrap elementor-element-populated\">\n\t\t\t\t\t\t\t<div class=\"elementor-widget-wrap\">\n\t\t\t\t\t\t<div class=\"elementor-element elementor-element-ad7d53f elementor-widget elementor-widget-heading\" data-id=\"ad7d53f\" data-element_type=\"widget\" data-widget_type=\"heading.default\">\n\t\t\t\t<div class=\"elementor-widget-container\">\n\t\t\t<h3 class=\"elementor-heading-title elementor-size-default\">Une \u00e9quipe de professionnels \u00e0 votre disposition<\/h3>\t\t<\/div>\n\t\t\t\t<\/div>\n\t\t\t\t\t\t<\/div>\n\t\t\t\t\t<\/div>\n\t\t<\/div>\n\t\t\t\t\t\t\t\t<\/div>\n\t\t\t\t\t<\/div>\n\t\t<\/section>\n\t\t\t\t<section class=\"elementor-section elementor-top-section elementor-element elementor-element-r79xtke elementor-section-boxed elementor-section-height-default elementor-section-height-default\" data-id=\"r79xtke\" data-element_type=\"section\" data-settings=\"{&quot;background_background&quot;:&quot;classic&quot;}\">\n\t\t\t\t\t\t\t<div class=\"elementor-background-overlay\"><\/div>\n\t\t\t\t\t\t\t<div class=\"elementor-container elementor-column-gap-default\">\n\t\t\t\t\t\t\t<div class=\"elementor-row\">\n\t\t\t\t\t<div class=\"elementor-column elementor-col-33 elementor-top-column elementor-element elementor-element-c91vwjk\" data-id=\"c91vwjk\" data-element_type=\"column\">\n\t\t\t<div class=\"elementor-column-wrap\">\n\t\t\t\t\t\t\t<div class=\"elementor-widget-wrap\">\n\t\t\t\t\t\t\t\t<\/div>\n\t\t\t\t\t<\/div>\n\t\t<\/div>\n\t\t\t\t<div class=\"elementor-column elementor-col-33 elementor-top-column elementor-element elementor-element-ut6dwfv\" data-id=\"ut6dwfv\" data-element_type=\"column\">\n\t\t\t<div class=\"elementor-column-wrap elementor-element-populated\">\n\t\t\t\t\t\t\t<div class=\"elementor-widget-wrap\">\n\t\t\t\t\t\t<div class=\"elementor-element elementor-element-qm7t3rf elementor-view-default elementor-vertical-align-top elementor-widget elementor-widget-icon-box\" data-id=\"qm7t3rf\" data-element_type=\"widget\" data-widget_type=\"icon-box.default\">\n\t\t\t\t<div class=\"elementor-widget-container\">\n\t\t\t\t\t<div class=\"elementor-icon-box-wrapper\">\n\t\t\t\t\t\t<div class=\"elementor-icon-box-content\">\n\t\t\t\t<h3 class=\"elementor-icon-box-title\">\n\t\t\t\t\t<span  >\n\t\t\t\t\t\tNos prestations\t\t\t\t\t<\/span>\n\t\t\t\t<\/h3>\n\t\t\t\t\t\t\t<\/div>\n\t\t<\/div>\n\t\t\t\t<\/div>\n\t\t\t\t<\/div>\n\t\t\t\t<div class=\"elementor-element elementor-element-3xv9zvi elementor-widget-divider--view-line elementor-widget elementor-widget-divider\" data-id=\"3xv9zvi\" data-element_type=\"widget\" data-widget_type=\"divider.default\">\n\t\t\t\t<div class=\"elementor-widget-container\">\n\t\t\t\t\t<div class=\"elementor-divider\">\n\t\t\t<span class=\"elementor-divider-separator\">\n\t\t\t\t\t\t<\/span>\n\t\t<\/div>\n\t\t\t\t<\/div>\n\t\t\t\t<\/div>\n\t\t\t\t\t\t<\/div>\n\t\t\t\t\t<\/div>\n\t\t<\/div>\n\t\t\t\t<div class=\"elementor-column elementor-col-33 elementor-top-column elementor-element elementor-element-ozz6vuj\" data-id=\"ozz6vuj\" data-element_type=\"column\">\n\t\t\t<div class=\"elementor-column-wrap\">\n\t\t\t\t\t\t\t<div class=\"elementor-widget-wrap\">\n\t\t\t\t\t\t\t\t<\/div>\n\t\t\t\t\t<\/div>\n\t\t<\/div>\n\t\t\t\t\t\t\t\t<\/div>\n\t\t\t\t\t<\/div>\n\t\t<\/section>\n\t\t\t\t<section class=\"elementor-section elementor-top-section elementor-element elementor-element-f7kkyln elementor-section-boxed elementor-section-height-default elementor-section-height-default\" data-id=\"f7kkyln\" data-element_type=\"section\" data-settings=\"{&quot;background_background&quot;:&quot;classic&quot;}\">\n\t\t\t\t\t\t<div class=\"elementor-container elementor-column-gap-default\">\n\t\t\t\t\t\t\t<div class=\"elementor-row\">\n\t\t\t\t\t<div class=\"elementor-column elementor-col-25 elementor-top-column elementor-element elementor-element-lh70h96\" data-id=\"lh70h96\" data-element_type=\"column\">\n\t\t\t<div class=\"elementor-column-wrap elementor-element-populated\">\n\t\t\t\t\t\t\t<div class=\"elementor-widget-wrap\">\n\t\t\t\t\t\t<div class=\"elementor-element elementor-element-sxkg7x3 elementor-position-top elementor-vertical-align-top elementor-widget elementor-widget-image-box\" data-id=\"sxkg7x3\" data-element_type=\"widget\" data-widget_type=\"image-box.default\">\n\t\t\t\t<div class=\"elementor-widget-container\">\n\t\t\t<div class=\"elementor-image-box-wrapper\"><figure class=\"elementor-image-box-img\"><img loading=\"lazy\" decoding=\"async\" width=\"2637\" height=\"2637\" src=\"https:\/\/patrickbuellet.com\/wp-content\/uploads\/2020\/05\/pictos-site-web-02-4.png\" class=\"attachment-full size-full wp-image-1171\" alt=\"\" srcset=\"https:\/\/patrickbuellet.com\/wp-content\/uploads\/2020\/05\/pictos-site-web-02-4.png 2637w, https:\/\/patrickbuellet.com\/wp-content\/uploads\/2020\/05\/pictos-site-web-02-4-150x150.png 150w, https:\/\/patrickbuellet.com\/wp-content\/uploads\/2020\/05\/pictos-site-web-02-4-300x300.png 300w, https:\/\/patrickbuellet.com\/wp-content\/uploads\/2020\/05\/pictos-site-web-02-4-768x768.png 768w, https:\/\/patrickbuellet.com\/wp-content\/uploads\/2020\/05\/pictos-site-web-02-4-1024x1024.png 1024w\" sizes=\"(max-width: 2637px) 100vw, 2637px\" \/><\/figure><div class=\"elementor-image-box-content\"><h5 class=\"elementor-image-box-title\">Isolation<\/h5><p class=\"elementor-image-box-description\">Int\u00e9rieure ou ext\u00e9rieure, pour am\u00e9liorer le confort thermique de votre maison<\/p><\/div><\/div>\t\t<\/div>\n\t\t\t\t<\/div>\n\t\t\t\t\t\t<\/div>\n\t\t\t\t\t<\/div>\n\t\t<\/div>\n\t\t\t\t<div class=\"elementor-column elementor-col-25 elementor-top-column elementor-element elementor-element-967lcke\" data-id=\"967lcke\" data-element_type=\"column\">\n\t\t\t<div class=\"elementor-column-wrap elementor-element-populated\">\n\t\t\t\t\t\t\t<div class=\"elementor-widget-wrap\">\n\t\t\t\t\t\t<div class=\"elementor-element elementor-element-p4w87aq elementor-position-top elementor-vertical-align-top elementor-widget elementor-widget-image-box\" data-id=\"p4w87aq\" data-element_type=\"widget\" data-widget_type=\"image-box.default\">\n\t\t\t\t<div class=\"elementor-widget-container\">\n\t\t\t<div class=\"elementor-image-box-wrapper\"><figure class=\"elementor-image-box-img\"><img loading=\"lazy\" decoding=\"async\" width=\"2637\" height=\"2637\" src=\"https:\/\/patrickbuellet.com\/wp-content\/uploads\/2020\/05\/pictos-site-web-04-4.png\" class=\"attachment-full size-full wp-image-1173\" alt=\"\" srcset=\"https:\/\/patrickbuellet.com\/wp-content\/uploads\/2020\/05\/pictos-site-web-04-4.png 2637w, https:\/\/patrickbuellet.com\/wp-content\/uploads\/2020\/05\/pictos-site-web-04-4-150x150.png 150w, https:\/\/patrickbuellet.com\/wp-content\/uploads\/2020\/05\/pictos-site-web-04-4-300x300.png 300w, https:\/\/patrickbuellet.com\/wp-content\/uploads\/2020\/05\/pictos-site-web-04-4-768x768.png 768w, https:\/\/patrickbuellet.com\/wp-content\/uploads\/2020\/05\/pictos-site-web-04-4-1024x1024.png 1024w\" sizes=\"(max-width: 2637px) 100vw, 2637px\" \/><\/figure><div class=\"elementor-image-box-content\"><h5 class=\"elementor-image-box-title\">Pl\u00e2trerie peinture<\/h5><p class=\"elementor-image-box-description\">Faire ou refaire vos pi\u00e8ces et agencer votre int\u00e9rieur comme vous le souhaitez <\/p><\/div><\/div>\t\t<\/div>\n\t\t\t\t<\/div>\n\t\t\t\t\t\t<\/div>\n\t\t\t\t\t<\/div>\n\t\t<\/div>\n\t\t\t\t<div class=\"elementor-column elementor-col-25 elementor-top-column elementor-element elementor-element-0eogn6o\" data-id=\"0eogn6o\" data-element_type=\"column\">\n\t\t\t<div class=\"elementor-column-wrap elementor-element-populated\">\n\t\t\t\t\t\t\t<div class=\"elementor-widget-wrap\">\n\t\t\t\t\t\t<div class=\"elementor-element elementor-element-6qh737b elementor-position-top elementor-vertical-align-top elementor-widget elementor-widget-image-box\" data-id=\"6qh737b\" data-element_type=\"widget\" data-widget_type=\"image-box.default\">\n\t\t\t\t<div class=\"elementor-widget-container\">\n\t\t\t<div class=\"elementor-image-box-wrapper\"><figure class=\"elementor-image-box-img\"><img loading=\"lazy\" decoding=\"async\" width=\"2637\" height=\"2637\" src=\"https:\/\/patrickbuellet.com\/wp-content\/uploads\/2020\/05\/pictos-site-web-03-4.png\" class=\"attachment-full size-full wp-image-1172\" alt=\"\" srcset=\"https:\/\/patrickbuellet.com\/wp-content\/uploads\/2020\/05\/pictos-site-web-03-4.png 2637w, https:\/\/patrickbuellet.com\/wp-content\/uploads\/2020\/05\/pictos-site-web-03-4-150x150.png 150w, https:\/\/patrickbuellet.com\/wp-content\/uploads\/2020\/05\/pictos-site-web-03-4-300x300.png 300w, https:\/\/patrickbuellet.com\/wp-content\/uploads\/2020\/05\/pictos-site-web-03-4-768x768.png 768w, https:\/\/patrickbuellet.com\/wp-content\/uploads\/2020\/05\/pictos-site-web-03-4-1024x1024.png 1024w\" sizes=\"(max-width: 2637px) 100vw, 2637px\" \/><\/figure><div class=\"elementor-image-box-content\"><h5 class=\"elementor-image-box-title\">Fa\u00e7ade<\/h5><p class=\"elementor-image-box-description\"><span style=\"font-size: 15px; font-style: normal; font-weight: 400;\">Ravalement de fa\u00e7ades en r\u00e9novation comme en neuf : pierre, pis\u00e9, moellons...<\/span><\/p><\/div><\/div>\t\t<\/div>\n\t\t\t\t<\/div>\n\t\t\t\t\t\t<\/div>\n\t\t\t\t\t<\/div>\n\t\t<\/div>\n\t\t\t\t<div class=\"elementor-column elementor-col-25 elementor-top-column elementor-element elementor-element-dqv1khl\" data-id=\"dqv1khl\" data-element_type=\"column\">\n\t\t\t<div class=\"elementor-column-wrap elementor-element-populated\">\n\t\t\t\t\t\t\t<div class=\"elementor-widget-wrap\">\n\t\t\t\t\t\t<div class=\"elementor-element elementor-element-4wulbev elementor-position-top elementor-vertical-align-top elementor-widget elementor-widget-image-box\" data-id=\"4wulbev\" data-element_type=\"widget\" data-widget_type=\"image-box.default\">\n\t\t\t\t<div class=\"elementor-widget-container\">\n\t\t\t<div class=\"elementor-image-box-wrapper\"><figure class=\"elementor-image-box-img\"><img loading=\"lazy\" decoding=\"async\" width=\"2637\" height=\"2637\" src=\"https:\/\/patrickbuellet.com\/wp-content\/uploads\/2020\/05\/pictos-site-web-01-4.png\" class=\"attachment-full size-full wp-image-1170\" alt=\"\" srcset=\"https:\/\/patrickbuellet.com\/wp-content\/uploads\/2020\/05\/pictos-site-web-01-4.png 2637w, https:\/\/patrickbuellet.com\/wp-content\/uploads\/2020\/05\/pictos-site-web-01-4-150x150.png 150w, https:\/\/patrickbuellet.com\/wp-content\/uploads\/2020\/05\/pictos-site-web-01-4-300x300.png 300w, https:\/\/patrickbuellet.com\/wp-content\/uploads\/2020\/05\/pictos-site-web-01-4-768x768.png 768w, https:\/\/patrickbuellet.com\/wp-content\/uploads\/2020\/05\/pictos-site-web-01-4-1024x1024.png 1024w\" sizes=\"(max-width: 2637px) 100vw, 2637px\" \/><\/figure><div class=\"elementor-image-box-content\"><h5 class=\"elementor-image-box-title\">D\u00e9coration<\/h5><p class=\"elementor-image-box-description\">Papier peint, verri\u00e8re, parements en pierre... pour faire la diff\u00e9rence !<\/p><\/div><\/div>\t\t<\/div>\n\t\t\t\t<\/div>\n\t\t\t\t\t\t<\/div>\n\t\t\t\t\t<\/div>\n\t\t<\/div>\n\t\t\t\t\t\t\t\t<\/div>\n\t\t\t\t\t<\/div>\n\t\t<\/section>\n\t\t\t\t<section class=\"elementor-section elementor-top-section elementor-element elementor-element-5jqtwvm elementor-section-boxed elementor-section-height-default elementor-section-height-default\" data-id=\"5jqtwvm\" data-element_type=\"section\" data-settings=\"{&quot;background_background&quot;:&quot;classic&quot;}\">\n\t\t\t\t\t\t<div class=\"elementor-container elementor-column-gap-default\">\n\t\t\t\t\t\t\t<div class=\"elementor-row\">\n\t\t\t\t\t<div class=\"elementor-column elementor-col-100 elementor-top-column elementor-element elementor-element-9zk904u\" data-id=\"9zk904u\" data-element_type=\"column\" data-settings=\"{&quot;background_background&quot;:&quot;classic&quot;}\">\n\t\t\t<div class=\"elementor-column-wrap elementor-element-populated\">\n\t\t\t\t\t\t\t<div class=\"elementor-widget-wrap\">\n\t\t\t\t\t\t<div class=\"elementor-element elementor-element-thciahb elementor-view-default elementor-vertical-align-top elementor-widget elementor-widget-icon-box\" data-id=\"thciahb\" data-element_type=\"widget\" data-widget_type=\"icon-box.default\">\n\t\t\t\t<div class=\"elementor-widget-container\">\n\t\t\t\t\t<div class=\"elementor-icon-box-wrapper\">\n\t\t\t\t\t\t<div class=\"elementor-icon-box-content\">\n\t\t\t\t<h3 class=\"elementor-icon-box-title\">\n\t\t\t\t\t<span  >\n\t\t\t\t\t\tNouveau : r\u00e9am\u00e9nagez votre int\u00e9rieur en 3D !\t\t\t\t\t<\/span>\n\t\t\t\t<\/h3>\n\t\t\t\t\t\t\t<\/div>\n\t\t<\/div>\n\t\t\t\t<\/div>\n\t\t\t\t<\/div>\n\t\t\t\t<section class=\"elementor-section elementor-inner-section elementor-element elementor-element-z7cvggx elementor-section-boxed elementor-section-height-default elementor-section-height-default\" data-id=\"z7cvggx\" data-element_type=\"section\">\n\t\t\t\t\t\t<div class=\"elementor-container elementor-column-gap-default\">\n\t\t\t\t\t\t\t<div class=\"elementor-row\">\n\t\t\t\t\t<div class=\"elementor-column elementor-col-50 elementor-inner-column elementor-element elementor-element-xurdqwd\" data-id=\"xurdqwd\" data-element_type=\"column\">\n\t\t\t<div class=\"elementor-column-wrap elementor-element-populated\">\n\t\t\t\t\t\t\t<div class=\"elementor-widget-wrap\">\n\t\t\t\t\t\t<div class=\"elementor-element elementor-element-xt7qz3c elementor-widget elementor-widget-testimonial\" data-id=\"xt7qz3c\" data-element_type=\"widget\" data-widget_type=\"testimonial.default\">\n\t\t\t\t<div class=\"elementor-widget-container\">\n\t\t\t\t\t<div class=\"elementor-testimonial-wrapper\">\n\t\t\t\t\t\t\t<div class=\"elementor-testimonial-content\">Vous e\u0302tes en manque d\u2019inspiration pour rede\u0301corer une pie\u0300ce de votre inte\u0301rieur ? Vous ne savez pas par ou\u0300 commencer ? Nous pouvons vous aider en donnant vie a\u0300 vos ide\u0301es !<\/div>\n\t\t\t\n\t\t\t\t\t<\/div>\n\t\t\t\t<\/div>\n\t\t\t\t<\/div>\n\t\t\t\t<div class=\"elementor-element elementor-element-c80b508 elementor-widget elementor-widget-image\" data-id=\"c80b508\" data-element_type=\"widget\" data-widget_type=\"image.default\">\n\t\t\t\t<div class=\"elementor-widget-container\">\n\t\t\t\t\t\t\t\t<div class=\"elementor-image\">\n\t\t\t\t\t\t\t\t\t\t\t\t<img loading=\"lazy\" decoding=\"async\" width=\"626\" height=\"417\" src=\"https:\/\/patrickbuellet.com\/wp-content\/uploads\/2020\/05\/cuisine-salle-manger-style-vintage_23-2148291612.jpg\" class=\"attachment-large size-large wp-image-1220\" alt=\"\" srcset=\"https:\/\/patrickbuellet.com\/wp-content\/uploads\/2020\/05\/cuisine-salle-manger-style-vintage_23-2148291612.jpg 626w, https:\/\/patrickbuellet.com\/wp-content\/uploads\/2020\/05\/cuisine-salle-manger-style-vintage_23-2148291612-300x200.jpg 300w\" sizes=\"(max-width: 626px) 100vw, 626px\" \/>\t\t\t\t\t\t\t\t\t\t\t\t\t\t<\/div>\n\t\t\t\t\t\t<\/div>\n\t\t\t\t<\/div>\n\t\t\t\t\t\t<\/div>\n\t\t\t\t\t<\/div>\n\t\t<\/div>\n\t\t\t\t<div class=\"elementor-column elementor-col-50 elementor-inner-column elementor-element elementor-element-aovjwtj\" data-id=\"aovjwtj\" data-element_type=\"column\">\n\t\t\t<div class=\"elementor-column-wrap elementor-element-populated\">\n\t\t\t\t\t\t\t<div class=\"elementor-widget-wrap\">\n\t\t\t\t\t\t<div class=\"elementor-element elementor-element-1c2ea76 elementor-widget elementor-widget-image\" data-id=\"1c2ea76\" data-element_type=\"widget\" data-widget_type=\"image.default\">\n\t\t\t\t<div class=\"elementor-widget-container\">\n\t\t\t\t\t\t\t\t<div class=\"elementor-image\">\n\t\t\t\t\t\t\t\t\t\t\t\t<img loading=\"lazy\" decoding=\"async\" width=\"626\" height=\"417\" src=\"https:\/\/patrickbuellet.com\/wp-content\/uploads\/2020\/05\/decorations-pres-pile-livres_23-2147896658.jpg\" class=\"attachment-large size-large wp-image-1218\" alt=\"\" srcset=\"https:\/\/patrickbuellet.com\/wp-content\/uploads\/2020\/05\/decorations-pres-pile-livres_23-2147896658.jpg 626w, https:\/\/patrickbuellet.com\/wp-content\/uploads\/2020\/05\/decorations-pres-pile-livres_23-2147896658-300x200.jpg 300w\" sizes=\"(max-width: 626px) 100vw, 626px\" \/>\t\t\t\t\t\t\t\t\t\t\t\t\t\t<\/div>\n\t\t\t\t\t\t<\/div>\n\t\t\t\t<\/div>\n\t\t\t\t<div class=\"elementor-element elementor-element-uiqligq elementor-widget elementor-widget-testimonial\" data-id=\"uiqligq\" data-element_type=\"widget\" data-widget_type=\"testimonial.default\">\n\t\t\t\t<div class=\"elementor-widget-container\">\n\t\t\t\t\t<div class=\"elementor-testimonial-wrapper\">\n\t\t\t\t\t\t\t<div class=\"elementor-testimonial-content\">Apr\u00e8s un \u00e9tat des lieux lors de la r\u00e9alisation de votre devis pl\u00e2trerie \/ peinture, une graphiste missionn\u00e9e par nos soins imagine et conc\u0327oit votre inte\u0301rieur en 3D afin de mieux vous projeter et vous donner des id\u00e9es.<\/div>\n\t\t\t\n\t\t\t\t\t<\/div>\n\t\t\t\t<\/div>\n\t\t\t\t<\/div>\n\t\t\t\t\t\t<\/div>\n\t\t\t\t\t<\/div>\n\t\t<\/div>\n\t\t\t\t\t\t\t\t<\/div>\n\t\t\t\t\t<\/div>\n\t\t<\/section>\n\t\t\t\t<div class=\"elementor-element elementor-element-e7c4f97 elementor-align-right elementor-widget elementor-widget-button\" data-id=\"e7c4f97\" data-element_type=\"widget\" data-widget_type=\"button.default\">\n\t\t\t\t<div class=\"elementor-widget-container\">\n\t\t\t\t\t<div class=\"elementor-button-wrapper\">\n\t\t\t<a href=\"https:\/\/fr.calameo.com\/read\/0050176321740f58415c3?authid=xyUT5yUDausX\" target=\"_blank\" class=\"elementor-button-link elementor-button elementor-size-sm\" role=\"button\">\n\t\t\t\t\t\t<span class=\"elementor-button-content-wrapper\">\n\t\t\t\t\t\t<span class=\"elementor-button-text\">En savoir plus<\/span>\n\t\t<\/span>\n\t\t\t\t\t<\/a>\n\t\t<\/div>\n\t\t\t\t<\/div>\n\t\t\t\t<\/div>\n\t\t\t\t\t\t<\/div>\n\t\t\t\t\t<\/div>\n\t\t<\/div>\n\t\t\t\t\t\t\t\t<\/div>\n\t\t\t\t\t<\/div>\n\t\t<\/section>\n\t\t\t\t\t\t\t\t\t<\/div>\n\t\t\t<\/div>\n\t\t\t\t\t<\/div>\n\t\t","protected":false},"excerpt":{"rendered":"<p>Since 1990 Votre projet est entre de bonnes mains ! Patrick Buellet et son \u00e9quipe de 5 ouvriers vous propose des prestations de qualit\u00e9 adapt\u00e9es \u00e0 vos besoins. En r\u00e9novation comme en neuf, nous vous conseillons et vous apportons les solutions les plus appropri\u00e9es \u00e0 votre projet. Nos ma\u00eetres mots : qualit\u00e9 et s\u00e9rieux. 04 &hellip;<\/p>\n<p class=\"read-more\"> <a class=\"\" href=\"https:\/\/patrickbuellet.com\/\"> <span class=\"screen-reader-text\">Accueil<\/span> Lire la suite\u00a0\u00bb<\/a><\/p>\n","protected":false},"author":1,"featured_media":0,"parent":0,"menu_order":0,"comment_status":"closed","ping_status":"open","template":"","meta":{"footnotes":""},"_links":{"self":[{"href":"https:\/\/patrickbuellet.com\/index.php?rest_route=\/wp\/v2\/pages\/10"}],"collection":[{"href":"https:\/\/patrickbuellet.com\/index.php?rest_route=\/wp\/v2\/pages"}],"about":[{"href":"https:\/\/patrickbuellet.com\/index.php?rest_route=\/wp\/v2\/types\/page"}],"author":[{"embeddable":true,"href":"https:\/\/patrickbuellet.com\/index.php?rest_route=\/wp\/v2\/users\/1"}],"replies":[{"embeddable":true,"href":"https:\/\/patrickbuellet.com\/index.php?rest_route=%2Fwp%2Fv2%2Fcomments&post=10"}],"version-history":[{"count":19,"href":"https:\/\/patrickbuellet.com\/index.php?rest_route=\/wp\/v2\/pages\/10\/revisions"}],"predecessor-version":[{"id":1277,"href":"https:\/\/patrickbuellet.com\/index.php?rest_route=\/wp\/v2\/pages\/10\/revisions\/1277"}],"wp:attachment":[{"href":"https:\/\/patrickbuellet.com\/index.php?rest_route=%2Fwp%2Fv2%2Fmedia&parent=10"}],"curies":[{"name":"wp","href":"https:\/\/api.w.org\/{rel}","templated":true}]}}